{"id":9695,"date":"2016-06-15T14:53:24","date_gmt":"2016-06-15T12:53:24","guid":{"rendered":"http:\/\/www.barth-wein.de\/catalog\/?page_id=9695"},"modified":"2016-06-16T17:25:48","modified_gmt":"2016-06-16T15:25:48","slug":"lieferung-und-zahlung","status":"publish","type":"page","link":"https:\/\/wein.barth-wein.de\/lieferung-und-zahlung\/","title":{"rendered":"Lieferung und Zahlung"},"content":{"rendered":"<p><!-- IBGHTML --><br \/>ANGEBOT<\/p>\n<p>Das Angebot ist freibleibend. F\u00fcr Selbstabholer sind die Weine in 6er Kartons verpackt. <br \/>Fr\u00fchjahr und Herbst angek\u00fcndigte Auslieferungsfahrten mit unserem Transporter.<\/p>\n<p><\/p>\n<p style=\"text-align: left; margin-top: 0pt; margin-bottom: 0pt; margin-left: 0in; unicode-bidi: embed; direction: ltr; -ms-word-break: normal; language: de; mso-line-break-override: none; punctuation-wrap: hanging;\"><span style=\"color: black; font-family: Calibri; font-size: 9pt; language: de; mso-ascii-font-family: Calibri; mso-fareast-font-family: +mn-ea; mso-bidi-font-family: +mn-cs; mso-ascii-theme-font: minor-latin; mso-fareast-theme-font: minor-fareast; mso-bidi-theme-font: minor-bidi; mso-color-index: 1; mso-font-kerning: 12.0pt; mso-style-textfill-type: solid; mso-style-textfill-fill-themecolor: text1; mso-style-textfill-fill-color: black; mso-style-textfill-fill-alpha: 100.0%;\"><font size=\"2\"><font size=\"3\">LIEFER-und ZAHLUNGSBEDINGUNGEN:<\/font><\/p>\n<p><\/font><\/span><\/p>\n<p><font size=\"2\"><\/font><\/p>\n<p style=\"text-align: left; margin-top: 0pt; margin-bottom: 0pt; margin-left: 0in; unicode-bidi: embed; direction: ltr; -ms-word-break: normal; language: de; mso-line-break-override: none; punctuation-wrap: hanging;\">\n<p><font size=\"2\"><\/font><\/p>\n<p style=\"text-align: left; margin-top: 0pt; margin-bottom: 0pt; margin-left: 0in; unicode-bidi: embed; direction: ltr; -ms-word-break: normal; language: de; mso-line-break-override: none; punctuation-wrap: hanging;\"><span style=\"color: black; font-family: Calibri; language: de; mso-ascii-font-family: Calibri; mso-fareast-font-family: +mn-ea; mso-bidi-font-family: +mn-cs; mso-ascii-theme-font: minor-latin; mso-fareast-theme-font: minor-fareast; mso-bidi-theme-font: minor-bidi; mso-color-index: 1; mso-font-kerning: 12.0pt; mso-style-textfill-type: solid; mso-style-textfill-fill-themecolor: text1; mso-style-textfill-fill-color: black; mso-style-textfill-fill-alpha: 100.0%;\"><font size=\"2\">VERSAND:<\/font><\/span><\/p>\n<p><font size=\"2\"><\/font><\/p>\n<div style=\"text-align: left; text-indent: -0.19in; margin-top: 0pt; margin-bottom: 0pt; margin-left: 0.19in; unicode-bidi: embed; direction: ltr; -ms-word-break: normal; language: de; mso-line-break-override: none; punctuation-wrap: hanging;\"><font size=\"2\"><span style=\"mso-special-format: bullet;\">&#8211;<\/span><span style=\"color: black; font-family: Calibri; language: de; mso-ascii-font-family: Calibri; mso-fareast-font-family: +mn-ea; mso-bidi-font-family: +mn-cs; mso-ascii-theme-font: minor-latin; mso-fareast-theme-font: minor-fareast; mso-bidi-theme-font: minor-bidi; mso-color-index: 1; mso-font-kerning: 12.0pt; mso-style-textfill-type: solid; mso-style-textfill-fill-themecolor: text1; mso-style-textfill-fill-color: black; mso-style-textfill-fill-alpha: 100.0%;\">perPaketdienst, oder Spedition deutschlandweit<\/span><\/font><\/div>\n<p><font size=\"2\"><\/font><\/p>\n<div style=\"text-align: left; text-indent: -0.19in; margin-top: 0pt; margin-bottom: 0pt; margin-left: 0.19in; unicode-bidi: embed; direction: ltr; -ms-word-break: normal; language: de; mso-line-break-override: none; punctuation-wrap: hanging;\"><font size=\"2\"><span style=\"mso-special-format: bullet;\">&#8211;<\/span><span style=\"color: black; font-family: Calibri; language: de; mso-ascii-font-family: Calibri; mso-fareast-font-family: +mn-ea; mso-bidi-font-family: +mn-cs; mso-ascii-theme-font: minor-latin; mso-fareast-theme-font: minor-fareast; mso-bidi-theme-font: minor-bidi; mso-color-index: 1; mso-font-kerning: 12.0pt; mso-style-textfill-type: solid; mso-style-textfill-fill-themecolor: text1; mso-style-textfill-fill-color: black; mso-style-textfill-fill-alpha: 100.0%;\">In6er oder 12er Kartons<\/span><\/font><\/div>\n<p><font size=\"2\"><\/font><\/p>\n<p style=\"text-align: left; margin-top: 0pt; margin-bottom: 0pt; margin-left: 0in; unicode-bidi: embed; direction: ltr; -ms-word-break: normal; language: de; mso-line-break-override: none; punctuation-wrap: hanging;\"><font size=\"2\"><span style=\"color: black; font-family: Calibri; language: de; mso-ascii-font-family: Calibri; mso-fareast-font-family: +mn-ea; mso-bidi-font-family: +mn-cs; mso-ascii-theme-font: minor-latin; mso-fareast-theme-font: minor-fareast; mso-bidi-theme-font: minor-bidi; mso-color-index: 1; mso-font-kerning: 12.0pt; mso-style-textfill-type: solid; mso-style-textfill-fill-themecolor: text1; mso-style-textfill-fill-color: black; mso-style-textfill-fill-alpha: 100.0%;\"><span style=\"mso-tab-count: 1;\">&nbsp; <\/span><\/span><span style=\"color: black; font-family: Calibri; language: de; mso-ascii-font-family: Calibri; mso-fareast-font-family: +mn-ea; mso-bidi-font-family: +mn-cs; mso-ascii-theme-font: minor-latin; mso-fareast-theme-font: minor-fareast; mso-bidi-theme-font: minor-bidi; mso-color-index: 1; mso-font-kerning: 12.0pt; mso-style-textfill-type: solid; mso-style-textfill-fill-themecolor: text1; mso-style-textfill-fill-color: black; mso-style-textfill-fill-alpha: 100.0%;\">&#8211;<\/span><span style=\"color: black; font-family: Calibri; language: de; mso-ascii-font-family: Calibri; mso-fareast-font-family: +mn-ea; mso-bidi-font-family: +mn-cs; mso-ascii-theme-font: minor-latin; mso-fareast-theme-font: minor-fareast; mso-bidi-theme-font: minor-bidi; mso-color-index: 1; mso-font-kerning: 12.0pt; mso-style-textfill-type: solid; mso-style-textfill-fill-themecolor: text1; mso-style-textfill-fill-color: black; mso-style-textfill-fill-alpha: 100.0%;\">bis 30 Flaschen<span style=\"mso-tab-count: 1;\">&nbsp; <\/span>7,50 \u20ac<\/span><\/font><\/p>\n<p><font size=\"2\"><\/font><\/p>\n<p style=\"text-align: left; margin-top: 0pt; margin-bottom: 0pt; margin-left: 0in; unicode-bidi: embed; direction: ltr; -ms-word-break: normal; language: de; mso-line-break-override: none; punctuation-wrap: hanging;\"><span style=\"color: black; font-family: Calibri; language: de; mso-ascii-font-family: Calibri; mso-fareast-font-family: +mn-ea; mso-bidi-font-family: +mn-cs; mso-ascii-theme-font: minor-latin; mso-fareast-theme-font: minor-fareast; mso-bidi-theme-font: minor-bidi; mso-color-index: 1; mso-font-kerning: 12.0pt; mso-style-textfill-type: solid; mso-style-textfill-fill-themecolor: text1; mso-style-textfill-fill-color: black; mso-style-textfill-fill-alpha: 100.0%;\"><font size=\"2\"><span style=\"mso-tab-count: 1;\">&nbsp; <\/span>&#8211; ab 36 Flaschen <span style=\"mso-tab-count: 1;\">&nbsp; <\/span>portofrei<\/p>\n<p><\/font><\/span><\/p>\n<p><font size=\"2\"><\/font><\/p>\n<p style=\"text-align: left; margin-top: 0pt; margin-bottom: 0pt; margin-left: 0in; unicode-bidi: embed; direction: ltr; -ms-word-break: normal; language: de; mso-line-break-override: none; punctuation-wrap: hanging;\">\n<p><font size=\"2\"><\/font><\/p>\n<p style=\"text-align: left; margin-top: 0pt; margin-bottom: 0pt; margin-left: 0in; unicode-bidi: embed; direction: ltr; -ms-word-break: normal; language: de; mso-line-break-override: none; punctuation-wrap: hanging;\"><span style=\"color: black; font-family: Calibri; language: de; mso-ascii-font-family: Calibri; mso-fareast-font-family: +mn-ea; mso-bidi-font-family: +mn-cs; mso-ascii-theme-font: minor-latin; mso-fareast-theme-font: minor-fareast; mso-bidi-theme-font: minor-bidi; mso-color-index: 1; mso-font-kerning: 12.0pt; mso-style-textfill-type: solid; mso-style-textfill-fill-themecolor: text1; mso-style-textfill-fill-color: black; mso-style-textfill-fill-alpha: 100.0%;\"><font size=\"2\">ABHOLUNG:<\/font><\/span><\/p>\n<p><font size=\"2\"><\/font><\/p>\n<p style=\"text-align: left; margin-top: 0pt; margin-bottom: 0pt; margin-left: 0in; unicode-bidi: embed; direction: ltr; -ms-word-break: normal; language: de; mso-line-break-override: none; punctuation-wrap: hanging;\"><font size=\"2\"><span style=\"color: black; font-family: Calibri; language: de; mso-ascii-font-family: Calibri; mso-fareast-font-family: +mn-ea; mso-bidi-font-family: +mn-cs; mso-ascii-theme-font: minor-latin; mso-fareast-theme-font: minor-fareast; mso-bidi-theme-font: minor-bidi; mso-color-index: 1; mso-font-kerning: 12.0pt; mso-style-textfill-type: solid; mso-style-textfill-fill-themecolor: text1; mso-style-textfill-fill-color: black; mso-style-textfill-fill-alpha: 100.0%;\"><span style=\"mso-spacerun: yes;\">&nbsp;<\/span><\/span><span style=\"color: black; font-family: Calibri; language: de; mso-ascii-font-family: Calibri; mso-fareast-font-family: +mn-ea; mso-bidi-font-family: +mn-cs; mso-ascii-theme-font: minor-latin; mso-fareast-theme-font: minor-fareast; mso-bidi-theme-font: minor-bidi; mso-color-index: 1; mso-font-kerning: 12.0pt; mso-style-textfill-type: solid; mso-style-textfill-fill-themecolor: text1; mso-style-textfill-fill-color: black; mso-style-textfill-fill-alpha: 100.0%;\">wir<\/span><span style=\"color: black; font-family: Calibri; language: de; mso-ascii-font-family: Calibri; mso-fareast-font-family: +mn-ea; mso-bidi-font-family: +mn-cs; mso-ascii-theme-font: minor-latin; mso-fareast-theme-font: minor-fareast; mso-bidi-theme-font: minor-bidi; mso-color-index: 1; mso-font-kerning: 12.0pt; mso-style-textfill-type: solid; mso-style-textfill-fill-themecolor: text1; mso-style-textfill-fill-color: black; mso-style-textfill-fill-alpha: 100.0%;\">gew\u00e4hren 0,50 <\/span><\/font><span style=\"color: black; font-family: Calibri; language: de; mso-ascii-font-family: Calibri; mso-fareast-font-family: +mn-ea; mso-bidi-font-family: +mn-cs; mso-ascii-theme-font: minor-latin; mso-fareast-theme-font: minor-fareast; mso-bidi-theme-font: minor-bidi; mso-color-index: 1; mso-font-kerning: 12.0pt; mso-style-textfill-type: solid; mso-style-textfill-fill-themecolor: text1; mso-style-textfill-fill-color: black; mso-style-textfill-fill-alpha: 100.0%;\"><font size=\"2\">\u20ac \/ Flasche<\/p>\n<p><\/font><\/span><\/p>\n<p><font size=\"2\"><\/font><\/p>\n<p style=\"text-align: left; margin-top: 0pt; margin-bottom: 0pt; margin-left: 0in; unicode-bidi: embed; direction: ltr; -ms-word-break: normal; language: de; mso-line-break-override: none; punctuation-wrap: hanging;\">\n<p><font size=\"2\"><\/font><\/p>\n<p style=\"text-align: left; margin-top: 0pt; margin-bottom: 0pt; margin-left: 0in; unicode-bidi: embed; direction: ltr; -ms-word-break: normal; language: de; mso-line-break-override: none; punctuation-wrap: hanging;\"><span style=\"color: black; font-family: Calibri; language: de; mso-ascii-font-family: Calibri; mso-fareast-font-family: +mn-ea; mso-bidi-font-family: +mn-cs; mso-ascii-theme-font: minor-latin; mso-fareast-theme-font: minor-fareast; mso-bidi-theme-font: minor-bidi; mso-color-index: 1; mso-font-kerning: 12.0pt; mso-style-textfill-type: solid; mso-style-textfill-fill-themecolor: text1; mso-style-textfill-fill-color: black; mso-style-textfill-fill-alpha: 100.0%;\"><font size=\"2\">LIEFERUNG:<\/font><\/span><\/p>\n<p><font size=\"2\"><\/font><\/p>\n<p style=\"text-align: left; margin-top: 0pt; margin-bottom: 0pt; margin-left: 0in; unicode-bidi: embed; direction: ltr; -ms-word-break: normal; language: de; mso-line-break-override: none; punctuation-wrap: hanging;\"><span style=\"color: black; font-family: Calibri; language: de; mso-ascii-font-family: Calibri; mso-fareast-font-family: +mn-ea; mso-bidi-font-family: +mn-cs; mso-ascii-theme-font: minor-latin; mso-fareast-theme-font: minor-fareast; mso-bidi-theme-font: minor-bidi; mso-color-index: 1; mso-font-kerning: 12.0pt; mso-style-textfill-type: solid; mso-style-textfill-fill-themecolor: text1; mso-style-textfill-fill-color: black; mso-style-textfill-fill-alpha: 100.0%;\"><font size=\"2\">Wirliefern im Rahmen unserer Weintouren in den Monaten Mai\/Juni undNovember\/Dezember pers\u00f6nlich aus. <\/font><\/span><\/p>\n<p><font size=\"2\"><\/font><\/p>\n<p style=\"text-align: left; margin-top: 0pt; margin-bottom: 0pt; margin-left: 0in; unicode-bidi: embed; direction: ltr; -ms-word-break: normal; language: de; mso-line-break-override: none; punctuation-wrap: hanging;\">\n<p><font size=\"2\"><\/font><\/p>\n<p style=\"text-align: left; margin-top: 0pt; margin-bottom: 0pt; margin-left: 0in; unicode-bidi: embed; direction: ltr; -ms-word-break: normal; language: de; mso-line-break-override: none; punctuation-wrap: hanging;\"><span style=\"color: black; font-family: Calibri; language: de; mso-ascii-font-family: Calibri; mso-fareast-font-family: +mn-ea; mso-bidi-font-family: +mn-cs; mso-ascii-theme-font: minor-latin; mso-fareast-theme-font: minor-fareast; mso-bidi-theme-font: minor-bidi; mso-color-index: 1; mso-font-kerning: 12.0pt; mso-style-textfill-type: solid; mso-style-textfill-fill-themecolor: text1; mso-style-textfill-fill-color: black; mso-style-textfill-fill-alpha: 100.0%;\"><font size=\"2\">ProLieferadresse gew\u00e4hren wir:<\/font><\/span><\/p>\n<p><font size=\"2\"><\/font><\/p>\n<p style=\"text-align: left; margin-top: 0pt; margin-bottom: 0pt; margin-left: 0in; unicode-bidi: embed; direction: ltr; -ms-word-break: normal; language: de; mso-line-break-override: none; punctuation-wrap: hanging;\"><span style=\"color: black; font-family: Calibri; language: de; mso-ascii-font-family: Calibri; mso-fareast-font-family: +mn-ea; mso-bidi-font-family: +mn-cs; mso-ascii-theme-font: minor-latin; mso-fareast-theme-font: minor-fareast; mso-bidi-theme-font: minor-bidi; mso-color-index: 1; mso-font-kerning: 12.0pt; mso-style-textfill-type: solid; mso-style-textfill-fill-themecolor: text1; mso-style-textfill-fill-color: black; mso-style-textfill-fill-alpha: 100.0%;\"><font size=\"2\">AbWarenwert 500,- \u20ac<span style=\"mso-tab-count: 2;\">&nbsp; <\/span>5 % Rabatt<\/font><\/span><\/p>\n<p><font size=\"2\"><\/font><\/p>\n<p style=\"text-align: left; margin-top: 0pt; margin-bottom: 0pt; margin-left: 0in; unicode-bidi: embed; direction: ltr; -ms-word-break: normal; language: de; mso-line-break-override: none; punctuation-wrap: hanging;\"><span style=\"color: black; font-family: Calibri; language: de; mso-ascii-font-family: Calibri; mso-fareast-font-family: +mn-ea; mso-bidi-font-family: +mn-cs; mso-ascii-theme-font: minor-latin; mso-fareast-theme-font: minor-fareast; mso-bidi-theme-font: minor-bidi; mso-color-index: 1; mso-font-kerning: 12.0pt; mso-style-textfill-type: solid; mso-style-textfill-fill-themecolor: text1; mso-style-textfill-fill-color: black; mso-style-textfill-fill-alpha: 100.0%;\"><font size=\"2\">AbWarenwert 1000,- \u20ac<span style=\"mso-tab-count: 2;\">&nbsp; <\/span>10 %<\/font><\/span><\/p>\n<p><font size=\"2\"><\/font><\/p>\n<p style=\"text-align: left; margin-top: 0pt; margin-bottom: 0pt; margin-left: 0in; unicode-bidi: embed; direction: ltr; -ms-word-break: normal; language: de; mso-line-break-override: none; punctuation-wrap: hanging;\"><span style=\"color: black; font-family: Calibri; language: de; mso-ascii-font-family: Calibri; mso-fareast-font-family: +mn-ea; mso-bidi-font-family: +mn-cs; mso-ascii-theme-font: minor-latin; mso-fareast-theme-font: minor-fareast; mso-bidi-theme-font: minor-bidi; mso-color-index: 1; mso-font-kerning: 12.0pt; mso-style-textfill-type: solid; mso-style-textfill-fill-themecolor: text1; mso-style-textfill-fill-color: black; mso-style-textfill-fill-alpha: 100.0%;\"><font size=\"2\">AbWarenwert 1500,-\u20ac<span style=\"mso-tab-count: 1;\">&nbsp; <\/span>15 %<\/font><\/span><\/p>\n<p><font size=\"2\"><\/font><\/p>\n<p style=\"text-align: left; margin-top: 0pt; margin-bottom: 0pt; margin-left: 0in; unicode-bidi: embed; direction: ltr; -ms-word-break: normal; language: de; mso-line-break-override: none; punctuation-wrap: hanging;\">\n<p><font size=\"2\"><\/font><\/p>\n<p style=\"text-align: left; margin-top: 0pt; margin-bottom: 0pt; margin-left: 0in; unicode-bidi: embed; direction: ltr; -ms-word-break: normal; language: de; mso-line-break-override: none; punctuation-wrap: hanging;\"><span style=\"color: black; font-family: Calibri; language: de; mso-ascii-font-family: Calibri; mso-fareast-font-family: +mn-ea; mso-bidi-font-family: +mn-cs; mso-ascii-theme-font: minor-latin; mso-fareast-theme-font: minor-fareast; mso-bidi-theme-font: minor-bidi; mso-color-index: 1; mso-font-kerning: 12.0pt; mso-style-textfill-type: solid; mso-style-textfill-fill-themecolor: text1; mso-style-textfill-fill-color: black; mso-style-textfill-fill-alpha: 100.0%;\"><font size=\"2\">Allunsere Kunden die nicht direkt an unserer Strecke liegen beliefern wir zu denaufgef\u00fchrten Konditionen per Post oder Spedition.<\/font><\/span><\/p>\n<p>PREISE<\/p>\n<p style=\"text-align: left; margin-top: 0pt; margin-bottom: 0pt; margin-left: 0in; unicode-bidi: embed; direction: ltr; -ms-word-break: normal; language: de; mso-line-break-override: none; punctuation-wrap: hanging;\"><span style=\"color: black; font-family: Calibri; font-size: 9pt; language: de; mso-ascii-font-family: Calibri; mso-fareast-font-family: +mn-ea; mso-bidi-font-family: +mn-cs; mso-ascii-theme-font: minor-latin; mso-fareast-theme-font: minor-fareast; mso-bidi-theme-font: minor-bidi; mso-color-index: 1; mso-font-kerning: 12.0pt; mso-style-textfill-type: solid; mso-style-textfill-fill-themecolor: text1; mso-style-textfill-fill-color: black; mso-style-textfill-fill-alpha: 100.0%;\">DiePreise sind Endpreise inklusive gesetzlicher Mehrwert- und Sektsteuer. DieZahlung hat ohne jeden Abzug innerhalb 14 Tage nach Rechnungserhalt zuerfolgen. <\/span><\/p>\n<p style=\"text-align: left; margin-top: 0pt; margin-bottom: 0pt; margin-left: 0in; unicode-bidi: embed; direction: ltr; -ms-word-break: normal; language: de; mso-line-break-override: none; punctuation-wrap: hanging;\"><span style=\"color: black; font-family: Calibri; font-size: 9pt; language: de; mso-ascii-font-family: Calibri; mso-fareast-font-family: +mn-ea; mso-bidi-font-family: +mn-cs; mso-ascii-theme-font: minor-latin; mso-fareast-theme-font: minor-fareast; mso-bidi-theme-font: minor-bidi; mso-color-index: 1; mso-font-kerning: 12.0pt; mso-style-textfill-type: solid; mso-style-textfill-fill-themecolor: text1; mso-style-textfill-fill-color: black; mso-style-textfill-fill-alpha: 100.0%;\">GelieferteWare bleibt bis zur vollst\u00e4ndigen Bezahlung unser Eigentum. <\/span><\/p>\n<p>GESCH\u00c4FTSZEITEN<\/p>\n<p>Mo-Sa 8-12&nbsp;&nbsp; &nbsp;14-18 Uhr. So und Abendtermine nach Vereinbarung.<br \/>Wir bitten freundlichst um telefonische Voranmeldung. <br \/>\u00dcbernachtungsw\u00fcnsche bitte telefonisch abkl\u00e4ren.<\/p>\n<p>BANKVERBINDUNG<\/p>\n<p>Weingut Holger Barth<br \/>Sparkasse Rhein-Nahe<br \/>IBAN Nr. DE925605018000010313 19<br \/>SWIFT_BIC: MALADE51KRE<br \/>Ust.Id.Nr. DE 148-150-482<\/p>\n","protected":false},"excerpt":{"rendered":"<p>ANGEBOT Das Angebot ist freibleibend. F\u00fcr Selbstabholer sind die Weine in 6er Kartons verpackt. Fr\u00fchjahr und Herbst angek\u00fcndigte Auslieferungsfahrten mit unserem Transporter. LIEFER-und ZAHLUNGSBEDINGUNGEN: VERSAND: &#8211;perPaketdienst, oder Spedition deutschlandweit &#8211;In6er oder 12er Kartons &nbsp; &#8211;bis 30 Flaschen&nbsp; 7,50 \u20ac &nbsp; &#8211; ab 36 Flaschen &nbsp; portofrei ABHOLUNG: &nbsp;wirgew\u00e4hren 0,50 \u20ac \/ Flasche LIEFERUNG: Wirliefern im [&hellip;]<\/p>\n","protected":false},"author":1,"featured_media":0,"parent":0,"menu_order":0,"comment_status":"closed","ping_status":"closed","template":"","meta":{"footnotes":""},"class_list":["post-9695","page","type-page","status-publish","hentry"],"_links":{"self":[{"href":"https:\/\/wein.barth-wein.de\/wp-json\/wp\/v2\/pages\/9695","targetHints":{"allow":["GET"]}}],"collection":[{"href":"https:\/\/wein.barth-wein.de\/wp-json\/wp\/v2\/pages"}],"about":[{"href":"https:\/\/wein.barth-wein.de\/wp-json\/wp\/v2\/types\/page"}],"author":[{"embeddable":true,"href":"https:\/\/wein.barth-wein.de\/wp-json\/wp\/v2\/users\/1"}],"replies":[{"embeddable":true,"href":"https:\/\/wein.barth-wein.de\/wp-json\/wp\/v2\/comments?post=9695"}],"version-history":[{"count":4,"href":"https:\/\/wein.barth-wein.de\/wp-json\/wp\/v2\/pages\/9695\/revisions"}],"predecessor-version":[{"id":9819,"href":"https:\/\/wein.barth-wein.de\/wp-json\/wp\/v2\/pages\/9695\/revisions\/9819"}],"wp:attachment":[{"href":"https:\/\/wein.barth-wein.de\/wp-json\/wp\/v2\/media?parent=9695"}],"curies":[{"name":"wp","href":"https:\/\/api.w.org\/{rel}","templated":true}]}}